{"id":6914,"date":"2025-10-28T12:17:46","date_gmt":"2025-10-28T12:17:46","guid":{"rendered":"http:\/\/smart-case.fr\/?post_type=product&#038;p=6914"},"modified":"2026-01-15T16:15:10","modified_gmt":"2026-01-15T16:15:10","slug":"chargeur-multi-embouts","status":"publish","type":"product","link":"http:\/\/smart-case.fr\/index.php\/produit\/chargeur-multi-embouts\/","title":{"rendered":"C\u00e2ble USB multifonction"},"content":{"rendered":"<p><span id=\"tl_2\">Avec un connecteur USB 2.0 normal \u00e0 l&rsquo;extr\u00e9mit\u00e9 et 10 connecteurs diff\u00e9rents \u00e0 l&rsquo;autre, ce c\u00e2ble est tout ce dont vous avez besoin pour charger tous vos appareils aliment\u00e9s par USB.Ce c\u00e2ble USB r\u00e9tractable 10 en 1 peut \u00eatre utilis\u00e9 pour charger vos appareils avec une prise de chargeur USB, un chargeur de voiture, un adaptateur de voyage ou directement depuis le port USB de votre PC\/ordinateur portable.<\/span><\/p>\n<p><span id=\"tl_3\">En voyage d&rsquo;affaires ou de plaisir, il vous suffit d&rsquo;apporter du c\u00e2ble et cela vous aide \u00e0 charger tous vos appareils portables<\/span><\/p>\n<p><span id=\"tl_4\">c\u00e2bles de bonne qualit\u00e9<\/span><\/p>\n<p><span id=\"tl_5\">facile, pratique \u00e0 utiliser.<\/span><\/p>\n<p><span id=\"tl_6\">Il est bon de garder un voyage suppl\u00e9mentaire.<\/span><\/p>\n<p><span id=\"tl_7\">Pas besoin de retirer votre chargeur de la maison.<\/span><\/p>\n<p><span id=\"tl_8\">Circuit de charge int\u00e9gr\u00e9 \u00e0 votre t\u00e9l\u00e9phone portable contre les charges \u00e9lectriques excessives.<\/span><\/p>\n<p><span id=\"tl_9\">Plastique noir r\u00e9sistant aux chocs de qualit\u00e9 durable.<\/span><\/p>\n<p><span id=\"tl_10\">Il convient aux Nokia, Motorola, pour, pour HTC, pour etc.<\/span><\/p>\n<p><span id=\"tl_11\">Ce produit n&rsquo;a qu&rsquo;une fonction de charge, ne prend pas en charge le transfert de donn\u00e9es!<\/span><\/p>\n<p><span id=\"tl_12\">Longueur : 23 cm<\/span><\/p>\n<p><span id=\"tl_13\">OD3,0 mm<\/span><\/p>\n<p><span id=\"tl_14\">Version USB : 2.0<\/span><\/p>\n<p><span id=\"tl_15\">Couleur : noir<\/span><\/p>\n<p>&nbsp;<\/p>\n","protected":false},"excerpt":{"rendered":"<p>Avec un connecteur USB 2.0 normal \u00e0 l&rsquo;extr\u00e9mit\u00e9 et 10 connecteurs diff\u00e9rents \u00e0 l&rsquo;autre, ce c\u00e2ble est tout ce dont vous avez besoin pour charger tous vos appareils aliment\u00e9s par USB.Ce c\u00e2ble USB r\u00e9tractable 10 en 1 peut \u00eatre utilis\u00e9 pour charger vos appareils avec une prise de chargeur USB, un chargeur de voiture, un&hellip;<\/p>\n","protected":false},"featured_media":6952,"comment_status":"closed","ping_status":"closed","template":"","meta":[],"product_brand":[],"product_cat":[55],"product_tag":[],"class_list":{"0":"post-6914","1":"product","2":"type-product","3":"status-publish","4":"has-post-thumbnail","6":"product_cat-chargeurs-cables","7":"description-off","9":"first","10":"instock","11":"virtual","12":"product-type-simple"},"_links":{"self":[{"href":"http:\/\/smart-case.fr\/index.php\/wp-json\/wp\/v2\/product\/6914","targetHints":{"allow":["GET"]}}],"collection":[{"href":"http:\/\/smart-case.fr\/index.php\/wp-json\/wp\/v2\/product"}],"about":[{"href":"http:\/\/smart-case.fr\/index.php\/wp-json\/wp\/v2\/types\/product"}],"replies":[{"embeddable":true,"href":"http:\/\/smart-case.fr\/index.php\/wp-json\/wp\/v2\/comments?post=6914"}],"wp:featuredmedia":[{"embeddable":true,"href":"http:\/\/smart-case.fr\/index.php\/wp-json\/wp\/v2\/media\/6952"}],"wp:attachment":[{"href":"http:\/\/smart-case.fr\/index.php\/wp-json\/wp\/v2\/media?parent=6914"}],"wp:term":[{"taxonomy":"product_brand","embeddable":true,"href":"http:\/\/smart-case.fr\/index.php\/wp-json\/wp\/v2\/product_brand?post=6914"},{"taxonomy":"product_cat","embeddable":true,"href":"http:\/\/smart-case.fr\/index.php\/wp-json\/wp\/v2\/product_cat?post=6914"},{"taxonomy":"product_tag","embeddable":true,"href":"http:\/\/smart-case.fr\/index.php\/wp-json\/wp\/v2\/product_tag?post=6914"}],"curies":[{"name":"wp","href":"https:\/\/api.w.org\/{rel}","templated":true}]}}