{"id":6911,"date":"2025-10-28T12:14:52","date_gmt":"2025-10-28T12:14:52","guid":{"rendered":"http:\/\/smart-case.fr\/?post_type=product&#038;p=6911"},"modified":"2026-01-30T15:17:36","modified_gmt":"2026-01-30T15:17:36","slug":"casque-sans-fil","status":"publish","type":"product","link":"http:\/\/smart-case.fr\/index.php\/produit\/casque-sans-fil\/","title":{"rendered":"Casque sans fil"},"content":{"rendered":"<p>Profitez d\u2019un son clair et immersif avec ce casque sans fil \u00e9l\u00e9gant. Dot\u00e9 de coussinets doux, d\u2019un arceau ajustable et de commandes int\u00e9gr\u00e9es, il offre un confort optimal au quotidien. Son design blanc moderne s\u2019adapte \u00e0 tous les styles.<\/p>\n","protected":false},"excerpt":{"rendered":"<p>Profitez d\u2019un son clair et immersif avec ce casque sans fil \u00e9l\u00e9gant. Dot\u00e9 de coussinets doux, d\u2019un arceau ajustable et de commandes int\u00e9gr\u00e9es, il offre un confort optimal au quotidien. Son design blanc moderne s\u2019adapte \u00e0 tous les styles.<\/p>\n","protected":false},"featured_media":6966,"comment_status":"closed","ping_status":"closed","template":"","meta":[],"product_brand":[],"product_cat":[56],"product_tag":[],"class_list":{"0":"post-6911","1":"product","2":"type-product","3":"status-publish","4":"has-post-thumbnail","6":"product_cat-ecouteurs-casques","7":"description-off","9":"first","10":"instock","11":"shipping-taxable","12":"purchasable","13":"product-type-variable"},"_links":{"self":[{"href":"http:\/\/smart-case.fr\/index.php\/wp-json\/wp\/v2\/product\/6911","targetHints":{"allow":["GET"]}}],"collection":[{"href":"http:\/\/smart-case.fr\/index.php\/wp-json\/wp\/v2\/product"}],"about":[{"href":"http:\/\/smart-case.fr\/index.php\/wp-json\/wp\/v2\/types\/product"}],"replies":[{"embeddable":true,"href":"http:\/\/smart-case.fr\/index.php\/wp-json\/wp\/v2\/comments?post=6911"}],"wp:featuredmedia":[{"embeddable":true,"href":"http:\/\/smart-case.fr\/index.php\/wp-json\/wp\/v2\/media\/6966"}],"wp:attachment":[{"href":"http:\/\/smart-case.fr\/index.php\/wp-json\/wp\/v2\/media?parent=6911"}],"wp:term":[{"taxonomy":"product_brand","embeddable":true,"href":"http:\/\/smart-case.fr\/index.php\/wp-json\/wp\/v2\/product_brand?post=6911"},{"taxonomy":"product_cat","embeddable":true,"href":"http:\/\/smart-case.fr\/index.php\/wp-json\/wp\/v2\/product_cat?post=6911"},{"taxonomy":"product_tag","embeddable":true,"href":"http:\/\/smart-case.fr\/index.php\/wp-json\/wp\/v2\/product_tag?post=6911"}],"curies":[{"name":"wp","href":"https:\/\/api.w.org\/{rel}","templated":true}]}}