{"id":6907,"date":"2025-10-28T12:11:44","date_gmt":"2025-10-28T12:11:44","guid":{"rendered":"http:\/\/smart-case.fr\/?post_type=product&#038;p=6907"},"modified":"2026-01-17T02:57:28","modified_gmt":"2026-01-17T02:57:28","slug":"verre-trempe","status":"publish","type":"product","link":"http:\/\/smart-case.fr\/index.php\/produit\/verre-trempe\/","title":{"rendered":"Verre tremp\u00e9"},"content":{"rendered":"<p>Prot\u00e9gez l\u2019\u00e9cran de votre appareil avec ce verre tremp\u00e9 ultra-r\u00e9sistant. Il offre une protection efficace contre les chocs, rayures et traces, tout en conservant une clart\u00e9 et une sensibilit\u00e9 tactile optimales. Installation facile, sans bulles.<\/p>\n","protected":false},"excerpt":{"rendered":"<p>Prot\u00e9gez l\u2019\u00e9cran de votre appareil avec ce verre tremp\u00e9 ultra-r\u00e9sistant. Il offre une protection efficace contre les chocs, rayures et traces, tout en conservant une clart\u00e9 et une sensibilit\u00e9 tactile optimales. Installation facile, sans bulles.<\/p>\n","protected":false},"featured_media":6968,"comment_status":"closed","ping_status":"closed","template":"","meta":[],"product_brand":[],"product_cat":[49],"product_tag":[],"class_list":{"0":"post-6907","1":"product","2":"type-product","3":"status-publish","4":"has-post-thumbnail","6":"product_cat-non-classe","7":"description-off","9":"first","10":"instock","11":"shipping-taxable","12":"purchasable","13":"product-type-simple"},"_links":{"self":[{"href":"http:\/\/smart-case.fr\/index.php\/wp-json\/wp\/v2\/product\/6907","targetHints":{"allow":["GET"]}}],"collection":[{"href":"http:\/\/smart-case.fr\/index.php\/wp-json\/wp\/v2\/product"}],"about":[{"href":"http:\/\/smart-case.fr\/index.php\/wp-json\/wp\/v2\/types\/product"}],"replies":[{"embeddable":true,"href":"http:\/\/smart-case.fr\/index.php\/wp-json\/wp\/v2\/comments?post=6907"}],"wp:featuredmedia":[{"embeddable":true,"href":"http:\/\/smart-case.fr\/index.php\/wp-json\/wp\/v2\/media\/6968"}],"wp:attachment":[{"href":"http:\/\/smart-case.fr\/index.php\/wp-json\/wp\/v2\/media?parent=6907"}],"wp:term":[{"taxonomy":"product_brand","embeddable":true,"href":"http:\/\/smart-case.fr\/index.php\/wp-json\/wp\/v2\/product_brand?post=6907"},{"taxonomy":"product_cat","embeddable":true,"href":"http:\/\/smart-case.fr\/index.php\/wp-json\/wp\/v2\/product_cat?post=6907"},{"taxonomy":"product_tag","embeddable":true,"href":"http:\/\/smart-case.fr\/index.php\/wp-json\/wp\/v2\/product_tag?post=6907"}],"curies":[{"name":"wp","href":"https:\/\/api.w.org\/{rel}","templated":true}]}}