{"id":6895,"date":"2025-10-28T11:35:27","date_gmt":"2025-10-28T11:35:27","guid":{"rendered":"http:\/\/smart-case.fr\/?post_type=product&#038;p=6895"},"modified":"2026-01-17T03:06:15","modified_gmt":"2026-01-17T03:06:15","slug":"coque-magsafe","status":"publish","type":"product","link":"http:\/\/smart-case.fr\/index.php\/produit\/coque-magsafe\/","title":{"rendered":"Coque MagSafe"},"content":{"rendered":"<div class=\"flex flex-col text-sm\">\n<article class=\"text-token-text-primary w-full focus:outline-none [--shadow-height:45px] has-data-writing-block:pointer-events-none has-data-writing-block:-mt-(--shadow-height) has-data-writing-block:pt-(--shadow-height) [&amp;:has([data-writing-block])&gt;*]:pointer-events-auto scroll-mt-[calc(var(--header-height)+min(200px,max(70px,20svh)))]\" dir=\"auto\" tabindex=\"-1\" data-turn-id=\"request-WEB:3a509b73-1797-4e37-a2c3-ee6aed22da36-5\" data-testid=\"conversation-turn-12\" data-scroll-anchor=\"true\" data-turn=\"assistant\">\n<div class=\"text-base my-auto mx-auto pb-10 [--thread-content-margin:--spacing(4)] @w-sm\/main:[--thread-content-margin:--spacing(6)] @w-lg\/main:[--thread-content-margin:--spacing(16)] px-(--thread-content-margin)\">\n<div class=\"[--thread-content-max-width:40rem] @w-lg\/main:[--thread-content-max-width:48rem] mx-auto max-w-(--thread-content-max-width) flex-1 group\/turn-messages focus-visible:outline-hidden relative flex w-full min-w-0 flex-col agent-turn\" tabindex=\"-1\">\n<div class=\"flex max-w-full flex-col grow\">\n<div class=\"min-h-8 text-message relative flex w-full flex-col items-end gap-2 text-start break-words whitespace-normal [.text-message+&amp;]:mt-1\" dir=\"auto\" data-message-author-role=\"assistant\" data-message-id=\"55904a9b-1f12-4cfa-9e61-b004f7e2ffb1\" data-message-model-slug=\"gpt-5-2\">\n<div class=\"flex w-full flex-col gap-1 empty:hidden first:pt-[1px]\">\n<div class=\"markdown prose dark:prose-invert w-full break-words light markdown-new-styling\">\n<p data-start=\"19\" data-end=\"289\" data-is-last-node=\"\" data-is-only-node=\"\">Coque \u00e9l\u00e9gante et r\u00e9sistante compatible MagSafe, con\u00e7ue pour prot\u00e9ger efficacement votre smartphone contre les chocs et les rayures. Son ajustement pr\u00e9cis assure une fixation magn\u00e9tique stable et une recharge sans fil rapide, tout en conservant un design fin et moderne.<\/p>\n<\/div>\n<\/div>\n<\/div>\n<\/div>\n<div class=\"z-0 flex min-h-[46px] justify-start\"><\/div>\n<\/div>\n<\/div>\n<\/article>\n<\/div>\n<div class=\"pointer-events-none h-px w-px absolute bottom-0\" aria-hidden=\"true\" data-edge=\"true\"><\/div>\n","protected":false},"excerpt":{"rendered":"<p>Coque \u00e9l\u00e9gante et r\u00e9sistante compatible MagSafe, con\u00e7ue pour prot\u00e9ger efficacement votre smartphone contre les chocs et les rayures. Son ajustement pr\u00e9cis assure une fixation magn\u00e9tique stable et une recharge sans fil rapide, tout en conservant un design fin et moderne.<\/p>\n","protected":false},"featured_media":6977,"comment_status":"closed","ping_status":"closed","template":"","meta":[],"product_brand":[],"product_cat":[53],"product_tag":[],"class_list":{"0":"post-6895","1":"product","2":"type-product","3":"status-publish","4":"has-post-thumbnail","6":"product_cat-coques-etuis","7":"description-off","9":"first","10":"instock","11":"shipping-taxable","12":"purchasable","13":"product-type-simple"},"_links":{"self":[{"href":"http:\/\/smart-case.fr\/index.php\/wp-json\/wp\/v2\/product\/6895","targetHints":{"allow":["GET"]}}],"collection":[{"href":"http:\/\/smart-case.fr\/index.php\/wp-json\/wp\/v2\/product"}],"about":[{"href":"http:\/\/smart-case.fr\/index.php\/wp-json\/wp\/v2\/types\/product"}],"replies":[{"embeddable":true,"href":"http:\/\/smart-case.fr\/index.php\/wp-json\/wp\/v2\/comments?post=6895"}],"wp:featuredmedia":[{"embeddable":true,"href":"http:\/\/smart-case.fr\/index.php\/wp-json\/wp\/v2\/media\/6977"}],"wp:attachment":[{"href":"http:\/\/smart-case.fr\/index.php\/wp-json\/wp\/v2\/media?parent=6895"}],"wp:term":[{"taxonomy":"product_brand","embeddable":true,"href":"http:\/\/smart-case.fr\/index.php\/wp-json\/wp\/v2\/product_brand?post=6895"},{"taxonomy":"product_cat","embeddable":true,"href":"http:\/\/smart-case.fr\/index.php\/wp-json\/wp\/v2\/product_cat?post=6895"},{"taxonomy":"product_tag","embeddable":true,"href":"http:\/\/smart-case.fr\/index.php\/wp-json\/wp\/v2\/product_tag?post=6895"}],"curies":[{"name":"wp","href":"https:\/\/api.w.org\/{rel}","templated":true}]}}